{"id":925,"date":"2022-04-27T17:35:12","date_gmt":"2022-04-27T20:35:12","guid":{"rendered":"https:\/\/www.cepralli.com\/en\/?post_type=product&#038;p=925"},"modified":"2022-04-27T17:36:28","modified_gmt":"2022-04-27T20:36:28","slug":"acai-premium-pot-10-liters","status":"publish","type":"product","link":"https:\/\/www.cepralli.com\/en\/produto\/acai-premium-pot-10-liters\/","title":{"rendered":"A\u00e7a\u00ed Premium Pot 10 liters"},"content":{"rendered":"<p style=\"text-align: center;\">A\u00c7A\u00cd PREMIUM POT 10 LITERS<\/p>\n<p>Uyara carries a symbol of Brazilian identity, because indigenous names preserve our culture.<\/p>\n<p><strong>PRODUCT CHARACTERISTICS<\/strong><\/p>\n<p>Our formula contains no dyes, so we preserve as much as possible of the benefits of a\u00e7a\u00ed.<\/p>\n<p>Premium acai, organic and certified by the American FDA.<\/p>\n<p><strong>INGREDIENTS<\/strong><\/p>\n<p>Our main ingredient is the a\u00e7a\u00ed pulp, 100% organic and hand-picked by our riverside brothers in northeastern Par\u00e1. The fruits are sanitized and pulped, and then frozen in 1-kg slices.<\/p>\n<p><strong>INFORMATION<\/strong><\/p>\n<p>Packaging produced on recyclable paper in English, Spanish, and Arabic.<\/p>\n<p>Understand the composition and arrangement of the boxes for your purchase.<\/p>\n<p>Liquid weight: 10 liters<\/p>\n<p>Expiry date: 12 months after manufacture date, kept sealed in original packaging.<\/p>\n<p>Fantasy Brand: A\u00e7ai Uyara<\/p>\n<p><img loading=\"lazy\" class=\"alignnone size-full wp-image-921\" src=\"https:\/\/www.cepralli.com\/en\/wp-content\/uploads\/2022\/04\/FDA_10.jpg\" alt=\"\" width=\"174\" height=\"98\" srcset=\"https:\/\/www.cepralli.com\/en\/wp-content\/uploads\/2022\/04\/FDA_10.jpg 1365w, https:\/\/www.cepralli.com\/en\/wp-content\/uploads\/2022\/04\/FDA_10-300x169.jpg 300w, https:\/\/www.cepralli.com\/en\/wp-content\/uploads\/2022\/04\/FDA_10-1024x576.jpg 1024w, https:\/\/www.cepralli.com\/en\/wp-content\/uploads\/2022\/04\/FDA_10-768x432.jpg 768w, https:\/\/www.cepralli.com\/en\/wp-content\/uploads\/2022\/04\/FDA_10-600x338.jpg 600w\" sizes=\"(max-width: 174px) 100vw, 174px\" \/><\/p>\n<p><img loading=\"lazy\" class=\"alignnone size-full wp-image-920\" src=\"https:\/\/www.cepralli.com\/en\/wp-content\/uploads\/2022\/04\/acai_premium_transporte.png\" alt=\"\" width=\"803\" height=\"477\" srcset=\"https:\/\/www.cepralli.com\/en\/wp-content\/uploads\/2022\/04\/acai_premium_transporte.png 1738w, https:\/\/www.cepralli.com\/en\/wp-content\/uploads\/2022\/04\/acai_premium_transporte-300x178.png 300w, https:\/\/www.cepralli.com\/en\/wp-content\/uploads\/2022\/04\/acai_premium_transporte-1024x608.png 1024w, https:\/\/www.cepralli.com\/en\/wp-content\/uploads\/2022\/04\/acai_premium_transporte-768x456.png 768w, https:\/\/www.cepralli.com\/en\/wp-content\/uploads\/2022\/04\/acai_premium_transporte-1536x912.png 1536w, https:\/\/www.cepralli.com\/en\/wp-content\/uploads\/2022\/04\/acai_premium_transporte-600x356.png 600w\" sizes=\"(max-width: 803px) 100vw, 803px\" \/><\/p>\n<p>&nbsp;<\/p>\n<p>&nbsp;<\/p>\n","protected":false},"excerpt":{"rendered":"<p>A\u00c7A\u00cd PREMIUM POT 10 LITERS Uyara carries a symbol of Brazilian identity, because indigenous names preserve our culture. PRODUCT CHARACTERISTICS Our formula contains no dyes, so we preserve as much as possible of the benefits of a\u00e7a\u00ed. Premium acai, organic and certified by the American FDA. INGREDIENTS Our main ingredient is the a\u00e7a\u00ed pulp, 100% [&hellip;]<\/p>\n","protected":false},"featured_media":917,"comment_status":"open","ping_status":"closed","template":"","meta":[],"product_cat":[72],"product_tag":[73,88,89,87],"yoast_head":"<!-- This site is optimized with the Yoast SEO plugin v19.5.1 - https:\/\/yoast.com\/wordpress\/plugins\/seo\/ -->\n<title>A\u00e7a\u00ed Premium Pot 10 liters - Cepralli<\/title>\n<meta name=\"description\" content=\"If you are looking for A\u00e7ai Premium Pot 10 liters, Cepralli has the solution. We represent one of the largest brands of Acai in Brazil. Get to know them !\" \/>\n<meta name=\"robots\" content=\"index, follow, max-snippet:-1, max-image-preview:large, max-video-preview:-1\" \/>\n<link rel=\"canonical\" href=\"https:\/\/www.cepralli.com\/en\/produto\/acai-premium-pot-10-liters\/\" \/>\n<meta property=\"og:locale\" content=\"pt_BR\" \/>\n<meta property=\"og:type\" content=\"article\" \/>\n<meta property=\"og:title\" content=\"A\u00e7a\u00ed Premium Pot 10 liters - Cepralli\" \/>\n<meta property=\"og:description\" content=\"If you are looking for A\u00e7ai Premium Pot 10 liters, Cepralli has the solution. We represent one of the largest brands of Acai in Brazil. Get to know them !\" \/>\n<meta property=\"og:url\" content=\"https:\/\/www.cepralli.com\/en\/produto\/acai-premium-pot-10-liters\/\" \/>\n<meta property=\"og:site_name\" content=\"Cepralli\" \/>\n<meta property=\"article:modified_time\" content=\"2022-04-27T20:36:28+00:00\" \/>\n<meta property=\"og:image\" content=\"https:\/\/www.cepralli.com\/en\/wp-content\/uploads\/2022\/04\/10l_acai_premium_.png\" \/>\n\t<meta property=\"og:image:width\" content=\"638\" \/>\n\t<meta property=\"og:image:height\" content=\"572\" \/>\n\t<meta property=\"og:image:type\" content=\"image\/png\" \/>\n<meta name=\"twitter:card\" content=\"summary_large_image\" \/>\n<meta name=\"twitter:label1\" content=\"Est. tempo de leitura\" \/>\n\t<meta name=\"twitter:data1\" content=\"1 minuto\" \/>\n<script type=\"application\/ld+json\" class=\"yoast-schema-graph\">{\"@context\":\"https:\/\/schema.org\",\"@graph\":[{\"@type\":\"WebPage\",\"@id\":\"https:\/\/www.cepralli.com\/en\/produto\/acai-premium-pot-10-liters\/\",\"url\":\"https:\/\/www.cepralli.com\/en\/produto\/acai-premium-pot-10-liters\/\",\"name\":\"A\u00e7a\u00ed Premium Pot 10 liters - Cepralli\",\"isPartOf\":{\"@id\":\"https:\/\/www.cepralli.com\/en\/#website\"},\"datePublished\":\"2022-04-27T20:35:12+00:00\",\"dateModified\":\"2022-04-27T20:36:28+00:00\",\"description\":\"If you are looking for A\u00e7ai Premium Pot 10 liters, Cepralli has the solution. We represent one of the largest brands of Acai in Brazil. Get to know them !\",\"breadcrumb\":{\"@id\":\"https:\/\/www.cepralli.com\/en\/produto\/acai-premium-pot-10-liters\/#breadcrumb\"},\"inLanguage\":\"pt-BR\",\"potentialAction\":[{\"@type\":\"ReadAction\",\"target\":[\"https:\/\/www.cepralli.com\/en\/produto\/acai-premium-pot-10-liters\/\"]}]},{\"@type\":\"BreadcrumbList\",\"@id\":\"https:\/\/www.cepralli.com\/en\/produto\/acai-premium-pot-10-liters\/#breadcrumb\",\"itemListElement\":[{\"@type\":\"ListItem\",\"position\":1,\"name\":\"In\u00edcio\",\"item\":\"https:\/\/www.cepralli.com\/en\/\"},{\"@type\":\"ListItem\",\"position\":2,\"name\":\"Loja\",\"item\":\"https:\/\/www.cepralli.com\/en\/loja\/\"},{\"@type\":\"ListItem\",\"position\":3,\"name\":\"A\u00e7a\u00ed Premium Pot 10 liters\"}]},{\"@type\":\"WebSite\",\"@id\":\"https:\/\/www.cepralli.com\/en\/#website\",\"url\":\"https:\/\/www.cepralli.com\/en\/\",\"name\":\"Cepralli\",\"description\":\"Servi\u00e7os de Com\u00e9rcio Exterior\",\"potentialAction\":[{\"@type\":\"SearchAction\",\"target\":{\"@type\":\"EntryPoint\",\"urlTemplate\":\"https:\/\/www.cepralli.com\/en\/?s={search_term_string}\"},\"query-input\":\"required name=search_term_string\"}],\"inLanguage\":\"pt-BR\"}]}<\/script>\n<!-- \/ Yoast SEO plugin. -->","yoast_head_json":{"title":"A\u00e7a\u00ed Premium Pot 10 liters - Cepralli","description":"If you are looking for A\u00e7ai Premium Pot 10 liters, Cepralli has the solution. We represent one of the largest brands of Acai in Brazil. Get to know them !","robots":{"index":"index","follow":"follow","max-snippet":"max-snippet:-1","max-image-preview":"max-image-preview:large","max-video-preview":"max-video-preview:-1"},"canonical":"https:\/\/www.cepralli.com\/en\/produto\/acai-premium-pot-10-liters\/","og_locale":"pt_BR","og_type":"article","og_title":"A\u00e7a\u00ed Premium Pot 10 liters - Cepralli","og_description":"If you are looking for A\u00e7ai Premium Pot 10 liters, Cepralli has the solution. We represent one of the largest brands of Acai in Brazil. Get to know them !","og_url":"https:\/\/www.cepralli.com\/en\/produto\/acai-premium-pot-10-liters\/","og_site_name":"Cepralli","article_modified_time":"2022-04-27T20:36:28+00:00","og_image":[{"width":638,"height":572,"url":"https:\/\/www.cepralli.com\/en\/wp-content\/uploads\/2022\/04\/10l_acai_premium_.png","type":"image\/png"}],"twitter_card":"summary_large_image","twitter_misc":{"Est. tempo de leitura":"1 minuto"},"schema":{"@context":"https:\/\/schema.org","@graph":[{"@type":"WebPage","@id":"https:\/\/www.cepralli.com\/en\/produto\/acai-premium-pot-10-liters\/","url":"https:\/\/www.cepralli.com\/en\/produto\/acai-premium-pot-10-liters\/","name":"A\u00e7a\u00ed Premium Pot 10 liters - Cepralli","isPartOf":{"@id":"https:\/\/www.cepralli.com\/en\/#website"},"datePublished":"2022-04-27T20:35:12+00:00","dateModified":"2022-04-27T20:36:28+00:00","description":"If you are looking for A\u00e7ai Premium Pot 10 liters, Cepralli has the solution. We represent one of the largest brands of Acai in Brazil. Get to know them !","breadcrumb":{"@id":"https:\/\/www.cepralli.com\/en\/produto\/acai-premium-pot-10-liters\/#breadcrumb"},"inLanguage":"pt-BR","potentialAction":[{"@type":"ReadAction","target":["https:\/\/www.cepralli.com\/en\/produto\/acai-premium-pot-10-liters\/"]}]},{"@type":"BreadcrumbList","@id":"https:\/\/www.cepralli.com\/en\/produto\/acai-premium-pot-10-liters\/#breadcrumb","itemListElement":[{"@type":"ListItem","position":1,"name":"In\u00edcio","item":"https:\/\/www.cepralli.com\/en\/"},{"@type":"ListItem","position":2,"name":"Loja","item":"https:\/\/www.cepralli.com\/en\/loja\/"},{"@type":"ListItem","position":3,"name":"A\u00e7a\u00ed Premium Pot 10 liters"}]},{"@type":"WebSite","@id":"https:\/\/www.cepralli.com\/en\/#website","url":"https:\/\/www.cepralli.com\/en\/","name":"Cepralli","description":"Servi\u00e7os de Com\u00e9rcio Exterior","potentialAction":[{"@type":"SearchAction","target":{"@type":"EntryPoint","urlTemplate":"https:\/\/www.cepralli.com\/en\/?s={search_term_string}"},"query-input":"required name=search_term_string"}],"inLanguage":"pt-BR"}]}},"_links":{"self":[{"href":"https:\/\/www.cepralli.com\/en\/wp-json\/wp\/v2\/product\/925"}],"collection":[{"href":"https:\/\/www.cepralli.com\/en\/wp-json\/wp\/v2\/product"}],"about":[{"href":"https:\/\/www.cepralli.com\/en\/wp-json\/wp\/v2\/types\/product"}],"replies":[{"embeddable":true,"href":"https:\/\/www.cepralli.com\/en\/wp-json\/wp\/v2\/comments?post=925"}],"wp:featuredmedia":[{"embeddable":true,"href":"https:\/\/www.cepralli.com\/en\/wp-json\/wp\/v2\/media\/917"}],"wp:attachment":[{"href":"https:\/\/www.cepralli.com\/en\/wp-json\/wp\/v2\/media?parent=925"}],"wp:term":[{"taxonomy":"product_cat","embeddable":true,"href":"https:\/\/www.cepralli.com\/en\/wp-json\/wp\/v2\/product_cat?post=925"},{"taxonomy":"product_tag","embeddable":true,"href":"https:\/\/www.cepralli.com\/en\/wp-json\/wp\/v2\/product_tag?post=925"}],"curies":[{"name":"wp","href":"https:\/\/api.w.org\/{rel}","templated":true}]}}