{"id":314,"date":"2020-08-06T23:14:36","date_gmt":"2020-08-07T02:14:36","guid":{"rendered":"https:\/\/www.hostcentralweb.net\/cepralli\/?post_type=product&#038;p=314"},"modified":"2021-05-11T10:16:34","modified_gmt":"2021-05-11T13:16:34","slug":"mestre-premium-ground-espresso-coffee-100-arabic-500g","status":"publish","type":"product","link":"https:\/\/www.cepralli.com\/en\/produto\/mestre-premium-ground-espresso-coffee-100-arabic-500g\/","title":{"rendered":"MESTRE PREMIUM GROUND ESPRESSO COFFEE \u2013 100% ARABIC \u2013 500G"},"content":{"rendered":"<h1 style=\"text-align: center;\">MESTRE PREMIUM GROUND ESPRESSO COFFEE \u2013 100% ARABIC<\/h1>\n<p>MESTRE PREMIUM GROUND ESPRESSO COFFEE is an ideal coffee for the day-to-day of small volumes of output. It has balanced acidity, medium body with good creaminess.<\/p>\n<p>ABOUT MESTRE COFFEE:<\/p>\n<p>Region: South of Minas &#8211; Turvol\u00e2ndia and S\u00e3o Gon\u00e7alo do Sapuca\u00ed<\/p>\n<p>Altitude: 890- and 1,240-meters<\/p>\n<p>Type: 100% Arabica<\/p>\n<p>Varieties: Bourbon, Catua\u00ed, Acai\u00e1 and Mundo Novo<\/p>\n<p>Drying: Natural &#8211; Terreiro do Sol<\/p>\n","protected":false},"excerpt":{"rendered":"<p>MESTRE PREMIUM GROUND ESPRESSO COFFEE \u2013 100% ARABIC MESTRE PREMIUM GROUND ESPRESSO COFFEE is an ideal coffee for the day-to-day of small volumes of output. It has balanced acidity, medium body with good creaminess. ABOUT MESTRE COFFEE: Region: South of Minas &#8211; Turvol\u00e2ndia and S\u00e3o Gon\u00e7alo do Sapuca\u00ed Altitude: 890- and 1,240-meters Type: 100% Arabica [&hellip;]<\/p>\n","protected":false},"featured_media":380,"comment_status":"open","ping_status":"closed","template":"","meta":[],"product_cat":[37],"product_tag":[38,39,42],"yoast_head":"<!-- This site is optimized with the Yoast SEO plugin v19.5.1 - https:\/\/yoast.com\/wordpress\/plugins\/seo\/ -->\n<title>MESTRE PREMIUM GROUND ESPRESSO COFFEE \u2013 100% ARABIC \u2013 500G - Cepralli<\/title>\n<meta name=\"description\" content=\"MESTRE PREMIUM GROUND COFFEE is an ideal coffee for the day-to-day of small volumes of output. It has balanced acidity, medium body with good creaminess.\" \/>\n<meta name=\"robots\" content=\"index, follow, max-snippet:-1, max-image-preview:large, max-video-preview:-1\" \/>\n<link rel=\"canonical\" href=\"https:\/\/www.cepralli.com\/en\/produto\/mestre-premium-ground-espresso-coffee-100-arabic-500g\/\" \/>\n<meta property=\"og:locale\" content=\"pt_BR\" \/>\n<meta property=\"og:type\" content=\"article\" \/>\n<meta property=\"og:title\" content=\"MESTRE PREMIUM GROUND ESPRESSO COFFEE \u2013 100% ARABIC \u2013 500G - Cepralli\" \/>\n<meta property=\"og:description\" content=\"MESTRE PREMIUM GROUND COFFEE is an ideal coffee for the day-to-day of small volumes of output. It has balanced acidity, medium body with good creaminess.\" \/>\n<meta property=\"og:url\" content=\"https:\/\/www.cepralli.com\/en\/produto\/mestre-premium-ground-espresso-coffee-100-arabic-500g\/\" \/>\n<meta property=\"og:site_name\" content=\"Cepralli\" \/>\n<meta property=\"article:modified_time\" content=\"2021-05-11T13:16:34+00:00\" \/>\n<meta property=\"og:image\" content=\"https:\/\/www.cepralli.com\/en\/wp-content\/uploads\/2020\/08\/mestre-cafe-moido-premium-100-arabica-500g.png\" \/>\n\t<meta property=\"og:image:width\" content=\"800\" \/>\n\t<meta property=\"og:image:height\" content=\"800\" \/>\n\t<meta property=\"og:image:type\" content=\"image\/png\" \/>\n<meta name=\"twitter:card\" content=\"summary_large_image\" \/>\n<script type=\"application\/ld+json\" class=\"yoast-schema-graph\">{\"@context\":\"https:\/\/schema.org\",\"@graph\":[{\"@type\":\"WebPage\",\"@id\":\"https:\/\/www.cepralli.com\/en\/produto\/mestre-premium-ground-espresso-coffee-100-arabic-500g\/\",\"url\":\"https:\/\/www.cepralli.com\/en\/produto\/mestre-premium-ground-espresso-coffee-100-arabic-500g\/\",\"name\":\"MESTRE PREMIUM GROUND ESPRESSO COFFEE \u2013 100% ARABIC \u2013 500G - Cepralli\",\"isPartOf\":{\"@id\":\"https:\/\/www.cepralli.com\/en\/#website\"},\"datePublished\":\"2020-08-07T02:14:36+00:00\",\"dateModified\":\"2021-05-11T13:16:34+00:00\",\"description\":\"MESTRE PREMIUM GROUND COFFEE is an ideal coffee for the day-to-day of small volumes of output. It has balanced acidity, medium body with good creaminess.\",\"breadcrumb\":{\"@id\":\"https:\/\/www.cepralli.com\/en\/produto\/mestre-premium-ground-espresso-coffee-100-arabic-500g\/#breadcrumb\"},\"inLanguage\":\"pt-BR\",\"potentialAction\":[{\"@type\":\"ReadAction\",\"target\":[\"https:\/\/www.cepralli.com\/en\/produto\/mestre-premium-ground-espresso-coffee-100-arabic-500g\/\"]}]},{\"@type\":\"BreadcrumbList\",\"@id\":\"https:\/\/www.cepralli.com\/en\/produto\/mestre-premium-ground-espresso-coffee-100-arabic-500g\/#breadcrumb\",\"itemListElement\":[{\"@type\":\"ListItem\",\"position\":1,\"name\":\"In\u00edcio\",\"item\":\"https:\/\/www.cepralli.com\/en\/\"},{\"@type\":\"ListItem\",\"position\":2,\"name\":\"Loja\",\"item\":\"https:\/\/www.cepralli.com\/en\/loja\/\"},{\"@type\":\"ListItem\",\"position\":3,\"name\":\"MESTRE PREMIUM GROUND ESPRESSO COFFEE \u2013 100% ARABIC \u2013 500G\"}]},{\"@type\":\"WebSite\",\"@id\":\"https:\/\/www.cepralli.com\/en\/#website\",\"url\":\"https:\/\/www.cepralli.com\/en\/\",\"name\":\"Cepralli\",\"description\":\"Servi\u00e7os de Com\u00e9rcio Exterior\",\"potentialAction\":[{\"@type\":\"SearchAction\",\"target\":{\"@type\":\"EntryPoint\",\"urlTemplate\":\"https:\/\/www.cepralli.com\/en\/?s={search_term_string}\"},\"query-input\":\"required name=search_term_string\"}],\"inLanguage\":\"pt-BR\"}]}<\/script>\n<!-- \/ Yoast SEO plugin. -->","yoast_head_json":{"title":"MESTRE PREMIUM GROUND ESPRESSO COFFEE \u2013 100% ARABIC \u2013 500G - Cepralli","description":"MESTRE PREMIUM GROUND COFFEE is an ideal coffee for the day-to-day of small volumes of output. It has balanced acidity, medium body with good creaminess.","robots":{"index":"index","follow":"follow","max-snippet":"max-snippet:-1","max-image-preview":"max-image-preview:large","max-video-preview":"max-video-preview:-1"},"canonical":"https:\/\/www.cepralli.com\/en\/produto\/mestre-premium-ground-espresso-coffee-100-arabic-500g\/","og_locale":"pt_BR","og_type":"article","og_title":"MESTRE PREMIUM GROUND ESPRESSO COFFEE \u2013 100% ARABIC \u2013 500G - Cepralli","og_description":"MESTRE PREMIUM GROUND COFFEE is an ideal coffee for the day-to-day of small volumes of output. It has balanced acidity, medium body with good creaminess.","og_url":"https:\/\/www.cepralli.com\/en\/produto\/mestre-premium-ground-espresso-coffee-100-arabic-500g\/","og_site_name":"Cepralli","article_modified_time":"2021-05-11T13:16:34+00:00","og_image":[{"width":800,"height":800,"url":"https:\/\/www.cepralli.com\/en\/wp-content\/uploads\/2020\/08\/mestre-cafe-moido-premium-100-arabica-500g.png","type":"image\/png"}],"twitter_card":"summary_large_image","schema":{"@context":"https:\/\/schema.org","@graph":[{"@type":"WebPage","@id":"https:\/\/www.cepralli.com\/en\/produto\/mestre-premium-ground-espresso-coffee-100-arabic-500g\/","url":"https:\/\/www.cepralli.com\/en\/produto\/mestre-premium-ground-espresso-coffee-100-arabic-500g\/","name":"MESTRE PREMIUM GROUND ESPRESSO COFFEE \u2013 100% ARABIC \u2013 500G - Cepralli","isPartOf":{"@id":"https:\/\/www.cepralli.com\/en\/#website"},"datePublished":"2020-08-07T02:14:36+00:00","dateModified":"2021-05-11T13:16:34+00:00","description":"MESTRE PREMIUM GROUND COFFEE is an ideal coffee for the day-to-day of small volumes of output. It has balanced acidity, medium body with good creaminess.","breadcrumb":{"@id":"https:\/\/www.cepralli.com\/en\/produto\/mestre-premium-ground-espresso-coffee-100-arabic-500g\/#breadcrumb"},"inLanguage":"pt-BR","potentialAction":[{"@type":"ReadAction","target":["https:\/\/www.cepralli.com\/en\/produto\/mestre-premium-ground-espresso-coffee-100-arabic-500g\/"]}]},{"@type":"BreadcrumbList","@id":"https:\/\/www.cepralli.com\/en\/produto\/mestre-premium-ground-espresso-coffee-100-arabic-500g\/#breadcrumb","itemListElement":[{"@type":"ListItem","position":1,"name":"In\u00edcio","item":"https:\/\/www.cepralli.com\/en\/"},{"@type":"ListItem","position":2,"name":"Loja","item":"https:\/\/www.cepralli.com\/en\/loja\/"},{"@type":"ListItem","position":3,"name":"MESTRE PREMIUM GROUND ESPRESSO COFFEE \u2013 100% ARABIC \u2013 500G"}]},{"@type":"WebSite","@id":"https:\/\/www.cepralli.com\/en\/#website","url":"https:\/\/www.cepralli.com\/en\/","name":"Cepralli","description":"Servi\u00e7os de Com\u00e9rcio Exterior","potentialAction":[{"@type":"SearchAction","target":{"@type":"EntryPoint","urlTemplate":"https:\/\/www.cepralli.com\/en\/?s={search_term_string}"},"query-input":"required name=search_term_string"}],"inLanguage":"pt-BR"}]}},"_links":{"self":[{"href":"https:\/\/www.cepralli.com\/en\/wp-json\/wp\/v2\/product\/314"}],"collection":[{"href":"https:\/\/www.cepralli.com\/en\/wp-json\/wp\/v2\/product"}],"about":[{"href":"https:\/\/www.cepralli.com\/en\/wp-json\/wp\/v2\/types\/product"}],"replies":[{"embeddable":true,"href":"https:\/\/www.cepralli.com\/en\/wp-json\/wp\/v2\/comments?post=314"}],"wp:featuredmedia":[{"embeddable":true,"href":"https:\/\/www.cepralli.com\/en\/wp-json\/wp\/v2\/media\/380"}],"wp:attachment":[{"href":"https:\/\/www.cepralli.com\/en\/wp-json\/wp\/v2\/media?parent=314"}],"wp:term":[{"taxonomy":"product_cat","embeddable":true,"href":"https:\/\/www.cepralli.com\/en\/wp-json\/wp\/v2\/product_cat?post=314"},{"taxonomy":"product_tag","embeddable":true,"href":"https:\/\/www.cepralli.com\/en\/wp-json\/wp\/v2\/product_tag?post=314"}],"curies":[{"name":"wp","href":"https:\/\/api.w.org\/{rel}","templated":true}]}}