{"id":305,"date":"2020-08-06T22:41:25","date_gmt":"2020-08-07T01:41:25","guid":{"rendered":"https:\/\/www.hostcentralweb.net\/cepralli\/?post_type=product&#038;p=305"},"modified":"2022-08-21T16:39:47","modified_gmt":"2022-08-21T19:39:47","slug":"gourmet-espresso-coffee-mestre-100-arabic-1kg","status":"publish","type":"product","link":"https:\/\/www.cepralli.com\/en\/produto\/gourmet-espresso-coffee-mestre-100-arabic-1kg\/","title":{"rendered":"GOURMET ESPRESSO COFFEE MESTRE \u2013 100% ARABIC 1KG"},"content":{"rendered":"<h1 style=\"text-align: center;\"><strong>GOURMET ESPRESSO COFFEE MESTRE \u2013 100% ARABIC 1KG<\/strong><\/h1>\n<p><strong>GOURMET ESPRESSO COFFEE MESTRE \u2013 100% ARABIC 1KG<\/strong><\/p>\n<p>GOURMET ESPRESSO COFFEE MESTRE is an ideal coffee for the day-to-day of small volumes of output. It has balanced acidity, medium body with good creaminess.<\/p>\n<p>ABOUT MESTRE COFFEE:<\/p>\n<p>Region: South of Minas &#8211; Turvol\u00e2ndia and S\u00e3o Gon\u00e7alo do Sapuca\u00ed<\/p>\n<p>Altitude: 890- and 1,240-meters<\/p>\n<p>Type: 100% Arabica<\/p>\n<p>Varieties: Bourbon, Catua\u00ed, Acai\u00e1 and Mundo Novo<\/p>\n<p>Drying: Natural &#8211; Terreiro do Sol<\/p>\n","protected":false},"excerpt":{"rendered":"<p>GOURMET ESPRESSO COFFEE MESTRE \u2013 100% ARABIC 1KG GOURMET ESPRESSO COFFEE MESTRE \u2013 100% ARABIC 1KG GOURMET ESPRESSO COFFEE MESTRE is an ideal coffee for the day-to-day of small volumes of output. It has balanced acidity, medium body with good creaminess. ABOUT MESTRE COFFEE: Region: South of Minas &#8211; Turvol\u00e2ndia and S\u00e3o Gon\u00e7alo do Sapuca\u00ed [&hellip;]<\/p>\n","protected":false},"featured_media":377,"comment_status":"open","ping_status":"closed","template":"","meta":[],"product_cat":[37],"product_tag":[38,39],"yoast_head":"<!-- This site is optimized with the Yoast SEO plugin v19.5.1 - https:\/\/yoast.com\/wordpress\/plugins\/seo\/ -->\n<title>GOURMET ESPRESSO COFFEE MESTRE \u2013 100% ARABIC 1KG - Cepralli<\/title>\n<meta name=\"description\" content=\"GOURMET ESPRESSO COFFEE MESTRE is an ideal coffee for the day-to-day of small volumes of output. It has balanced acidity, medium body with good creaminess.\" \/>\n<meta name=\"robots\" content=\"index, follow, max-snippet:-1, max-image-preview:large, max-video-preview:-1\" \/>\n<link rel=\"canonical\" href=\"https:\/\/www.cepralli.com\/en\/produto\/gourmet-espresso-coffee-mestre-100-arabic-1kg\/\" \/>\n<meta property=\"og:locale\" content=\"pt_BR\" \/>\n<meta property=\"og:type\" content=\"article\" \/>\n<meta property=\"og:title\" content=\"GOURMET ESPRESSO COFFEE MESTRE \u2013 100% ARABIC 1KG - Cepralli\" \/>\n<meta property=\"og:description\" content=\"GOURMET ESPRESSO COFFEE MESTRE is an ideal coffee for the day-to-day of small volumes of output. It has balanced acidity, medium body with good creaminess.\" \/>\n<meta property=\"og:url\" content=\"https:\/\/www.cepralli.com\/en\/produto\/gourmet-espresso-coffee-mestre-100-arabic-1kg\/\" \/>\n<meta property=\"og:site_name\" content=\"Cepralli\" \/>\n<meta property=\"article:modified_time\" content=\"2022-08-21T19:39:47+00:00\" \/>\n<meta property=\"og:image\" content=\"https:\/\/www.cepralli.com\/en\/wp-content\/uploads\/2020\/08\/mestre-cafe-espresso-gourmet-100-arabica-1-kg.png\" \/>\n\t<meta property=\"og:image:width\" content=\"800\" \/>\n\t<meta property=\"og:image:height\" content=\"800\" \/>\n\t<meta property=\"og:image:type\" content=\"image\/png\" \/>\n<meta name=\"twitter:card\" content=\"summary_large_image\" \/>\n<script type=\"application\/ld+json\" class=\"yoast-schema-graph\">{\"@context\":\"https:\/\/schema.org\",\"@graph\":[{\"@type\":\"WebPage\",\"@id\":\"https:\/\/www.cepralli.com\/en\/produto\/gourmet-espresso-coffee-mestre-100-arabic-1kg\/\",\"url\":\"https:\/\/www.cepralli.com\/en\/produto\/gourmet-espresso-coffee-mestre-100-arabic-1kg\/\",\"name\":\"GOURMET ESPRESSO COFFEE MESTRE \u2013 100% ARABIC 1KG - Cepralli\",\"isPartOf\":{\"@id\":\"https:\/\/www.cepralli.com\/en\/#website\"},\"datePublished\":\"2020-08-07T01:41:25+00:00\",\"dateModified\":\"2022-08-21T19:39:47+00:00\",\"description\":\"GOURMET ESPRESSO COFFEE MESTRE is an ideal coffee for the day-to-day of small volumes of output. It has balanced acidity, medium body with good creaminess.\",\"breadcrumb\":{\"@id\":\"https:\/\/www.cepralli.com\/en\/produto\/gourmet-espresso-coffee-mestre-100-arabic-1kg\/#breadcrumb\"},\"inLanguage\":\"pt-BR\",\"potentialAction\":[{\"@type\":\"ReadAction\",\"target\":[\"https:\/\/www.cepralli.com\/en\/produto\/gourmet-espresso-coffee-mestre-100-arabic-1kg\/\"]}]},{\"@type\":\"BreadcrumbList\",\"@id\":\"https:\/\/www.cepralli.com\/en\/produto\/gourmet-espresso-coffee-mestre-100-arabic-1kg\/#breadcrumb\",\"itemListElement\":[{\"@type\":\"ListItem\",\"position\":1,\"name\":\"In\u00edcio\",\"item\":\"https:\/\/www.cepralli.com\/en\/\"},{\"@type\":\"ListItem\",\"position\":2,\"name\":\"Loja\",\"item\":\"https:\/\/www.cepralli.com\/en\/loja\/\"},{\"@type\":\"ListItem\",\"position\":3,\"name\":\"GOURMET ESPRESSO COFFEE MESTRE \u2013 100% ARABIC 1KG\"}]},{\"@type\":\"WebSite\",\"@id\":\"https:\/\/www.cepralli.com\/en\/#website\",\"url\":\"https:\/\/www.cepralli.com\/en\/\",\"name\":\"Cepralli\",\"description\":\"Servi\u00e7os de Com\u00e9rcio Exterior\",\"potentialAction\":[{\"@type\":\"SearchAction\",\"target\":{\"@type\":\"EntryPoint\",\"urlTemplate\":\"https:\/\/www.cepralli.com\/en\/?s={search_term_string}\"},\"query-input\":\"required name=search_term_string\"}],\"inLanguage\":\"pt-BR\"}]}<\/script>\n<!-- \/ Yoast SEO plugin. -->","yoast_head_json":{"title":"GOURMET ESPRESSO COFFEE MESTRE \u2013 100% ARABIC 1KG - Cepralli","description":"GOURMET ESPRESSO COFFEE MESTRE is an ideal coffee for the day-to-day of small volumes of output. It has balanced acidity, medium body with good creaminess.","robots":{"index":"index","follow":"follow","max-snippet":"max-snippet:-1","max-image-preview":"max-image-preview:large","max-video-preview":"max-video-preview:-1"},"canonical":"https:\/\/www.cepralli.com\/en\/produto\/gourmet-espresso-coffee-mestre-100-arabic-1kg\/","og_locale":"pt_BR","og_type":"article","og_title":"GOURMET ESPRESSO COFFEE MESTRE \u2013 100% ARABIC 1KG - Cepralli","og_description":"GOURMET ESPRESSO COFFEE MESTRE is an ideal coffee for the day-to-day of small volumes of output. It has balanced acidity, medium body with good creaminess.","og_url":"https:\/\/www.cepralli.com\/en\/produto\/gourmet-espresso-coffee-mestre-100-arabic-1kg\/","og_site_name":"Cepralli","article_modified_time":"2022-08-21T19:39:47+00:00","og_image":[{"width":800,"height":800,"url":"https:\/\/www.cepralli.com\/en\/wp-content\/uploads\/2020\/08\/mestre-cafe-espresso-gourmet-100-arabica-1-kg.png","type":"image\/png"}],"twitter_card":"summary_large_image","schema":{"@context":"https:\/\/schema.org","@graph":[{"@type":"WebPage","@id":"https:\/\/www.cepralli.com\/en\/produto\/gourmet-espresso-coffee-mestre-100-arabic-1kg\/","url":"https:\/\/www.cepralli.com\/en\/produto\/gourmet-espresso-coffee-mestre-100-arabic-1kg\/","name":"GOURMET ESPRESSO COFFEE MESTRE \u2013 100% ARABIC 1KG - Cepralli","isPartOf":{"@id":"https:\/\/www.cepralli.com\/en\/#website"},"datePublished":"2020-08-07T01:41:25+00:00","dateModified":"2022-08-21T19:39:47+00:00","description":"GOURMET ESPRESSO COFFEE MESTRE is an ideal coffee for the day-to-day of small volumes of output. It has balanced acidity, medium body with good creaminess.","breadcrumb":{"@id":"https:\/\/www.cepralli.com\/en\/produto\/gourmet-espresso-coffee-mestre-100-arabic-1kg\/#breadcrumb"},"inLanguage":"pt-BR","potentialAction":[{"@type":"ReadAction","target":["https:\/\/www.cepralli.com\/en\/produto\/gourmet-espresso-coffee-mestre-100-arabic-1kg\/"]}]},{"@type":"BreadcrumbList","@id":"https:\/\/www.cepralli.com\/en\/produto\/gourmet-espresso-coffee-mestre-100-arabic-1kg\/#breadcrumb","itemListElement":[{"@type":"ListItem","position":1,"name":"In\u00edcio","item":"https:\/\/www.cepralli.com\/en\/"},{"@type":"ListItem","position":2,"name":"Loja","item":"https:\/\/www.cepralli.com\/en\/loja\/"},{"@type":"ListItem","position":3,"name":"GOURMET ESPRESSO COFFEE MESTRE \u2013 100% ARABIC 1KG"}]},{"@type":"WebSite","@id":"https:\/\/www.cepralli.com\/en\/#website","url":"https:\/\/www.cepralli.com\/en\/","name":"Cepralli","description":"Servi\u00e7os de Com\u00e9rcio Exterior","potentialAction":[{"@type":"SearchAction","target":{"@type":"EntryPoint","urlTemplate":"https:\/\/www.cepralli.com\/en\/?s={search_term_string}"},"query-input":"required name=search_term_string"}],"inLanguage":"pt-BR"}]}},"_links":{"self":[{"href":"https:\/\/www.cepralli.com\/en\/wp-json\/wp\/v2\/product\/305"}],"collection":[{"href":"https:\/\/www.cepralli.com\/en\/wp-json\/wp\/v2\/product"}],"about":[{"href":"https:\/\/www.cepralli.com\/en\/wp-json\/wp\/v2\/types\/product"}],"replies":[{"embeddable":true,"href":"https:\/\/www.cepralli.com\/en\/wp-json\/wp\/v2\/comments?post=305"}],"wp:featuredmedia":[{"embeddable":true,"href":"https:\/\/www.cepralli.com\/en\/wp-json\/wp\/v2\/media\/377"}],"wp:attachment":[{"href":"https:\/\/www.cepralli.com\/en\/wp-json\/wp\/v2\/media?parent=305"}],"wp:term":[{"taxonomy":"product_cat","embeddable":true,"href":"https:\/\/www.cepralli.com\/en\/wp-json\/wp\/v2\/product_cat?post=305"},{"taxonomy":"product_tag","embeddable":true,"href":"https:\/\/www.cepralli.com\/en\/wp-json\/wp\/v2\/product_tag?post=305"}],"curies":[{"name":"wp","href":"https:\/\/api.w.org\/{rel}","templated":true}]}}