{"id":300,"date":"2020-08-06T22:26:07","date_gmt":"2020-08-07T01:26:07","guid":{"rendered":"https:\/\/www.hostcentralweb.net\/cepralli\/?post_type=product&#038;p=300"},"modified":"2025-03-23T16:44:12","modified_gmt":"2025-03-23T19:44:12","slug":"traffic-lane-separator","status":"publish","type":"product","link":"https:\/\/www.cepralli.com\/en\/produto\/traffic-lane-separator\/","title":{"rendered":"Traffic Lane Separator"},"content":{"rendered":"<h1 style=\"text-align: center;\"><strong>Traffic Lane Separator<\/strong><\/h1>\n<p>Segregators<\/p>\n<p>Traffic segregators are used to delimit areas, preventing vehicles from exceeding the established limits, and are therefore used to limit parking spaces. Popularly known as \u201cbate rodas\u201d in Brazil. In addition to offer security, the segregator is a fast and economical way to control your road or parking, as they are pieces made of polyester resin or synthetic of high mechanical resistance, and have external zinc plated pins with anchor threads that help in fixing close to the floor.<\/p>\n<p>Technical characteristics:<\/p>\n<p>Shape: Prismatic trunk<\/p>\n<p>Color: Amber Yellow<\/p>\n<p>Approximate dimension: 460 x 160 x 100 mm<\/p>\n<p>Weight (average): 8,300g<\/p>\n<p>Fixing pin: 3\/8 \u201dx 2 in x 2<\/p>\n<p>Quantity of Adhesive for fixation: 500 grams per piece;<\/p>\n<p>Compressive strength &#8211; Minimum breaking load:&gt; 10,000 kgf<\/p>\n<h2>Note: the dimensions above, quoted in mm, may vary from +\/- 2mm.<\/h2>\n","protected":false},"excerpt":{"rendered":"<p>Traffic Lane Separator Segregators Traffic segregators are used to delimit areas, preventing vehicles from exceeding the established limits, and are therefore used to limit parking spaces. Popularly known as \u201cbate rodas\u201d in Brazil. In addition to offer security, the segregator is a fast and economical way to control your road or parking, as they are [&hellip;]<\/p>\n","protected":false},"featured_media":303,"comment_status":"open","ping_status":"closed","template":"","meta":[],"product_cat":[26],"product_tag":[34,33,35],"yoast_head":"<!-- This site is optimized with the Yoast SEO plugin v19.5.1 - https:\/\/yoast.com\/wordpress\/plugins\/seo\/ -->\n<title>Traffic Lane Separator - Cepralli<\/title>\n<meta name=\"description\" content=\"Segregadores ou bate rodas s\u00e3o utilizados para delimitar \u00e1reas, evitando que os ve\u00edculos ultrapassem os limites estabelecidos. Clique aqui e conhe\u00e7a !\" \/>\n<meta name=\"robots\" content=\"index, follow, max-snippet:-1, max-image-preview:large, max-video-preview:-1\" \/>\n<link rel=\"canonical\" href=\"https:\/\/www.cepralli.com\/en\/produto\/traffic-lane-separator\/\" \/>\n<meta property=\"og:locale\" content=\"pt_BR\" \/>\n<meta property=\"og:type\" content=\"article\" \/>\n<meta property=\"og:title\" content=\"Traffic Lane Separator - Cepralli\" \/>\n<meta property=\"og:description\" content=\"Segregadores ou bate rodas s\u00e3o utilizados para delimitar \u00e1reas, evitando que os ve\u00edculos ultrapassem os limites estabelecidos. Clique aqui e conhe\u00e7a !\" \/>\n<meta property=\"og:url\" content=\"https:\/\/www.cepralli.com\/en\/produto\/traffic-lane-separator\/\" \/>\n<meta property=\"og:site_name\" content=\"Cepralli\" \/>\n<meta property=\"article:modified_time\" content=\"2025-03-23T19:44:12+00:00\" \/>\n<meta property=\"og:image\" content=\"https:\/\/www.cepralli.com\/en\/wp-content\/uploads\/2020\/08\/Segregador_ou_Bate-rodas.png\" \/>\n\t<meta property=\"og:image:width\" content=\"500\" \/>\n\t<meta property=\"og:image:height\" content=\"500\" \/>\n\t<meta property=\"og:image:type\" content=\"image\/png\" \/>\n<meta name=\"twitter:card\" content=\"summary_large_image\" \/>\n<meta name=\"twitter:label1\" content=\"Est. tempo de leitura\" \/>\n\t<meta name=\"twitter:data1\" content=\"1 minuto\" \/>\n<script type=\"application\/ld+json\" class=\"yoast-schema-graph\">{\"@context\":\"https:\/\/schema.org\",\"@graph\":[{\"@type\":\"WebPage\",\"@id\":\"https:\/\/www.cepralli.com\/en\/produto\/traffic-lane-separator\/\",\"url\":\"https:\/\/www.cepralli.com\/en\/produto\/traffic-lane-separator\/\",\"name\":\"Traffic Lane Separator - Cepralli\",\"isPartOf\":{\"@id\":\"https:\/\/www.cepralli.com\/en\/#website\"},\"datePublished\":\"2020-08-07T01:26:07+00:00\",\"dateModified\":\"2025-03-23T19:44:12+00:00\",\"description\":\"Segregadores ou bate rodas s\u00e3o utilizados para delimitar \u00e1reas, evitando que os ve\u00edculos ultrapassem os limites estabelecidos. Clique aqui e conhe\u00e7a !\",\"breadcrumb\":{\"@id\":\"https:\/\/www.cepralli.com\/en\/produto\/traffic-lane-separator\/#breadcrumb\"},\"inLanguage\":\"pt-BR\",\"potentialAction\":[{\"@type\":\"ReadAction\",\"target\":[\"https:\/\/www.cepralli.com\/en\/produto\/traffic-lane-separator\/\"]}]},{\"@type\":\"BreadcrumbList\",\"@id\":\"https:\/\/www.cepralli.com\/en\/produto\/traffic-lane-separator\/#breadcrumb\",\"itemListElement\":[{\"@type\":\"ListItem\",\"position\":1,\"name\":\"In\u00edcio\",\"item\":\"https:\/\/www.cepralli.com\/en\/\"},{\"@type\":\"ListItem\",\"position\":2,\"name\":\"Loja\",\"item\":\"https:\/\/www.cepralli.com\/en\/loja\/\"},{\"@type\":\"ListItem\",\"position\":3,\"name\":\"Traffic Lane Separator\"}]},{\"@type\":\"WebSite\",\"@id\":\"https:\/\/www.cepralli.com\/en\/#website\",\"url\":\"https:\/\/www.cepralli.com\/en\/\",\"name\":\"Cepralli\",\"description\":\"Servi\u00e7os de Com\u00e9rcio Exterior\",\"potentialAction\":[{\"@type\":\"SearchAction\",\"target\":{\"@type\":\"EntryPoint\",\"urlTemplate\":\"https:\/\/www.cepralli.com\/en\/?s={search_term_string}\"},\"query-input\":\"required name=search_term_string\"}],\"inLanguage\":\"pt-BR\"}]}<\/script>\n<!-- \/ Yoast SEO plugin. -->","yoast_head_json":{"title":"Traffic Lane Separator - Cepralli","description":"Segregadores ou bate rodas s\u00e3o utilizados para delimitar \u00e1reas, evitando que os ve\u00edculos ultrapassem os limites estabelecidos. Clique aqui e conhe\u00e7a !","robots":{"index":"index","follow":"follow","max-snippet":"max-snippet:-1","max-image-preview":"max-image-preview:large","max-video-preview":"max-video-preview:-1"},"canonical":"https:\/\/www.cepralli.com\/en\/produto\/traffic-lane-separator\/","og_locale":"pt_BR","og_type":"article","og_title":"Traffic Lane Separator - Cepralli","og_description":"Segregadores ou bate rodas s\u00e3o utilizados para delimitar \u00e1reas, evitando que os ve\u00edculos ultrapassem os limites estabelecidos. Clique aqui e conhe\u00e7a !","og_url":"https:\/\/www.cepralli.com\/en\/produto\/traffic-lane-separator\/","og_site_name":"Cepralli","article_modified_time":"2025-03-23T19:44:12+00:00","og_image":[{"width":500,"height":500,"url":"https:\/\/www.cepralli.com\/en\/wp-content\/uploads\/2020\/08\/Segregador_ou_Bate-rodas.png","type":"image\/png"}],"twitter_card":"summary_large_image","twitter_misc":{"Est. tempo de leitura":"1 minuto"},"schema":{"@context":"https:\/\/schema.org","@graph":[{"@type":"WebPage","@id":"https:\/\/www.cepralli.com\/en\/produto\/traffic-lane-separator\/","url":"https:\/\/www.cepralli.com\/en\/produto\/traffic-lane-separator\/","name":"Traffic Lane Separator - Cepralli","isPartOf":{"@id":"https:\/\/www.cepralli.com\/en\/#website"},"datePublished":"2020-08-07T01:26:07+00:00","dateModified":"2025-03-23T19:44:12+00:00","description":"Segregadores ou bate rodas s\u00e3o utilizados para delimitar \u00e1reas, evitando que os ve\u00edculos ultrapassem os limites estabelecidos. Clique aqui e conhe\u00e7a !","breadcrumb":{"@id":"https:\/\/www.cepralli.com\/en\/produto\/traffic-lane-separator\/#breadcrumb"},"inLanguage":"pt-BR","potentialAction":[{"@type":"ReadAction","target":["https:\/\/www.cepralli.com\/en\/produto\/traffic-lane-separator\/"]}]},{"@type":"BreadcrumbList","@id":"https:\/\/www.cepralli.com\/en\/produto\/traffic-lane-separator\/#breadcrumb","itemListElement":[{"@type":"ListItem","position":1,"name":"In\u00edcio","item":"https:\/\/www.cepralli.com\/en\/"},{"@type":"ListItem","position":2,"name":"Loja","item":"https:\/\/www.cepralli.com\/en\/loja\/"},{"@type":"ListItem","position":3,"name":"Traffic Lane Separator"}]},{"@type":"WebSite","@id":"https:\/\/www.cepralli.com\/en\/#website","url":"https:\/\/www.cepralli.com\/en\/","name":"Cepralli","description":"Servi\u00e7os de Com\u00e9rcio Exterior","potentialAction":[{"@type":"SearchAction","target":{"@type":"EntryPoint","urlTemplate":"https:\/\/www.cepralli.com\/en\/?s={search_term_string}"},"query-input":"required name=search_term_string"}],"inLanguage":"pt-BR"}]}},"_links":{"self":[{"href":"https:\/\/www.cepralli.com\/en\/wp-json\/wp\/v2\/product\/300"}],"collection":[{"href":"https:\/\/www.cepralli.com\/en\/wp-json\/wp\/v2\/product"}],"about":[{"href":"https:\/\/www.cepralli.com\/en\/wp-json\/wp\/v2\/types\/product"}],"replies":[{"embeddable":true,"href":"https:\/\/www.cepralli.com\/en\/wp-json\/wp\/v2\/comments?post=300"}],"wp:featuredmedia":[{"embeddable":true,"href":"https:\/\/www.cepralli.com\/en\/wp-json\/wp\/v2\/media\/303"}],"wp:attachment":[{"href":"https:\/\/www.cepralli.com\/en\/wp-json\/wp\/v2\/media?parent=300"}],"wp:term":[{"taxonomy":"product_cat","embeddable":true,"href":"https:\/\/www.cepralli.com\/en\/wp-json\/wp\/v2\/product_cat?post=300"},{"taxonomy":"product_tag","embeddable":true,"href":"https:\/\/www.cepralli.com\/en\/wp-json\/wp\/v2\/product_tag?post=300"}],"curies":[{"name":"wp","href":"https:\/\/api.w.org\/{rel}","templated":true}]}}