{"id":297,"date":"2020-08-06T20:34:58","date_gmt":"2020-08-06T23:34:58","guid":{"rendered":"https:\/\/www.hostcentralweb.net\/cepralli\/?post_type=product&#038;p=297"},"modified":"2021-05-11T09:41:37","modified_gmt":"2021-05-11T12:41:37","slug":"pavement-marker","status":"publish","type":"product","link":"https:\/\/www.cepralli.com\/en\/produto\/pavement-marker\/","title":{"rendered":"Pavement Marker"},"content":{"rendered":"<h1 style=\"text-align: center;\"><strong>Pavement Marker<\/strong><\/h1>\n<p>&nbsp;<\/p>\n<p>The pavement marker, is used as a high-risk, sound signal, and also as a speed reducer on public, private roads, parking lots, among others. Made with polyester or synthetic resin of high mechanical resistance, they have zinc plated external pins and anchor threads that help in fixing them to the floor.<\/p>\n<p>Characteristics:<\/p>\n<p>Color: yellow or white<\/p>\n<p>Reflective color: white or yellow<\/p>\n<p>Approximate dimension: 140 x 50 mm<\/p>\n<p>Weight (average): 850 g<\/p>\n<p>Fixing pin: 3\/8 \u201dx 2 in x 2<\/p>\n<p>Adhesive quantity for fixing: 100 grams per pieces<\/p>\n","protected":false},"excerpt":{"rendered":"<p>Pavement Marker &nbsp; The pavement marker, is used as a high-risk, sound signal, and also as a speed reducer on public, private roads, parking lots, among others. Made with polyester or synthetic resin of high mechanical resistance, they have zinc plated external pins and anchor threads that help in fixing them to the floor. Characteristics: [&hellip;]<\/p>\n","protected":false},"featured_media":298,"comment_status":"open","ping_status":"closed","template":"","meta":[],"product_cat":[26],"product_tag":[30,32,31],"yoast_head":"<!-- This site is optimized with the Yoast SEO plugin v19.5.1 - https:\/\/yoast.com\/wordpress\/plugins\/seo\/ -->\n<title>Pavement Marker - Cepralli<\/title>\n<meta name=\"description\" content=\"Calota ou tartaruga de sinaliza\u00e7\u00e3o \u00e9 utilizada como redutor de velocidade em vias p\u00fablicas. A Cepralli comercializa, clique aqui e conhe\u00e7a o nosso produto.\" \/>\n<meta name=\"robots\" content=\"index, follow, max-snippet:-1, max-image-preview:large, max-video-preview:-1\" \/>\n<link rel=\"canonical\" href=\"https:\/\/www.cepralli.com\/en\/produto\/pavement-marker\/\" \/>\n<meta property=\"og:locale\" content=\"pt_BR\" \/>\n<meta property=\"og:type\" content=\"article\" \/>\n<meta property=\"og:title\" content=\"Pavement Marker - Cepralli\" \/>\n<meta property=\"og:description\" content=\"Calota ou tartaruga de sinaliza\u00e7\u00e3o \u00e9 utilizada como redutor de velocidade em vias p\u00fablicas. A Cepralli comercializa, clique aqui e conhe\u00e7a o nosso produto.\" \/>\n<meta property=\"og:url\" content=\"https:\/\/www.cepralli.com\/en\/produto\/pavement-marker\/\" \/>\n<meta property=\"og:site_name\" content=\"Cepralli\" \/>\n<meta property=\"article:modified_time\" content=\"2021-05-11T12:41:37+00:00\" \/>\n<meta property=\"og:image\" content=\"https:\/\/www.cepralli.com\/en\/wp-content\/uploads\/2020\/08\/tartaruga_de_sinalizacao.png\" \/>\n\t<meta property=\"og:image:width\" content=\"554\" \/>\n\t<meta property=\"og:image:height\" content=\"528\" \/>\n\t<meta property=\"og:image:type\" content=\"image\/png\" \/>\n<meta name=\"twitter:card\" content=\"summary_large_image\" \/>\n<script type=\"application\/ld+json\" class=\"yoast-schema-graph\">{\"@context\":\"https:\/\/schema.org\",\"@graph\":[{\"@type\":\"WebPage\",\"@id\":\"https:\/\/www.cepralli.com\/en\/produto\/pavement-marker\/\",\"url\":\"https:\/\/www.cepralli.com\/en\/produto\/pavement-marker\/\",\"name\":\"Pavement Marker - Cepralli\",\"isPartOf\":{\"@id\":\"https:\/\/www.cepralli.com\/en\/#website\"},\"datePublished\":\"2020-08-06T23:34:58+00:00\",\"dateModified\":\"2021-05-11T12:41:37+00:00\",\"description\":\"Calota ou tartaruga de sinaliza\u00e7\u00e3o \u00e9 utilizada como redutor de velocidade em vias p\u00fablicas. A Cepralli comercializa, clique aqui e conhe\u00e7a o nosso produto.\",\"breadcrumb\":{\"@id\":\"https:\/\/www.cepralli.com\/en\/produto\/pavement-marker\/#breadcrumb\"},\"inLanguage\":\"pt-BR\",\"potentialAction\":[{\"@type\":\"ReadAction\",\"target\":[\"https:\/\/www.cepralli.com\/en\/produto\/pavement-marker\/\"]}]},{\"@type\":\"BreadcrumbList\",\"@id\":\"https:\/\/www.cepralli.com\/en\/produto\/pavement-marker\/#breadcrumb\",\"itemListElement\":[{\"@type\":\"ListItem\",\"position\":1,\"name\":\"In\u00edcio\",\"item\":\"https:\/\/www.cepralli.com\/en\/\"},{\"@type\":\"ListItem\",\"position\":2,\"name\":\"Loja\",\"item\":\"https:\/\/www.cepralli.com\/en\/loja\/\"},{\"@type\":\"ListItem\",\"position\":3,\"name\":\"Pavement Marker\"}]},{\"@type\":\"WebSite\",\"@id\":\"https:\/\/www.cepralli.com\/en\/#website\",\"url\":\"https:\/\/www.cepralli.com\/en\/\",\"name\":\"Cepralli\",\"description\":\"Servi\u00e7os de Com\u00e9rcio Exterior\",\"potentialAction\":[{\"@type\":\"SearchAction\",\"target\":{\"@type\":\"EntryPoint\",\"urlTemplate\":\"https:\/\/www.cepralli.com\/en\/?s={search_term_string}\"},\"query-input\":\"required name=search_term_string\"}],\"inLanguage\":\"pt-BR\"}]}<\/script>\n<!-- \/ Yoast SEO plugin. -->","yoast_head_json":{"title":"Pavement Marker - Cepralli","description":"Calota ou tartaruga de sinaliza\u00e7\u00e3o \u00e9 utilizada como redutor de velocidade em vias p\u00fablicas. A Cepralli comercializa, clique aqui e conhe\u00e7a o nosso produto.","robots":{"index":"index","follow":"follow","max-snippet":"max-snippet:-1","max-image-preview":"max-image-preview:large","max-video-preview":"max-video-preview:-1"},"canonical":"https:\/\/www.cepralli.com\/en\/produto\/pavement-marker\/","og_locale":"pt_BR","og_type":"article","og_title":"Pavement Marker - Cepralli","og_description":"Calota ou tartaruga de sinaliza\u00e7\u00e3o \u00e9 utilizada como redutor de velocidade em vias p\u00fablicas. A Cepralli comercializa, clique aqui e conhe\u00e7a o nosso produto.","og_url":"https:\/\/www.cepralli.com\/en\/produto\/pavement-marker\/","og_site_name":"Cepralli","article_modified_time":"2021-05-11T12:41:37+00:00","og_image":[{"width":554,"height":528,"url":"https:\/\/www.cepralli.com\/en\/wp-content\/uploads\/2020\/08\/tartaruga_de_sinalizacao.png","type":"image\/png"}],"twitter_card":"summary_large_image","schema":{"@context":"https:\/\/schema.org","@graph":[{"@type":"WebPage","@id":"https:\/\/www.cepralli.com\/en\/produto\/pavement-marker\/","url":"https:\/\/www.cepralli.com\/en\/produto\/pavement-marker\/","name":"Pavement Marker - Cepralli","isPartOf":{"@id":"https:\/\/www.cepralli.com\/en\/#website"},"datePublished":"2020-08-06T23:34:58+00:00","dateModified":"2021-05-11T12:41:37+00:00","description":"Calota ou tartaruga de sinaliza\u00e7\u00e3o \u00e9 utilizada como redutor de velocidade em vias p\u00fablicas. A Cepralli comercializa, clique aqui e conhe\u00e7a o nosso produto.","breadcrumb":{"@id":"https:\/\/www.cepralli.com\/en\/produto\/pavement-marker\/#breadcrumb"},"inLanguage":"pt-BR","potentialAction":[{"@type":"ReadAction","target":["https:\/\/www.cepralli.com\/en\/produto\/pavement-marker\/"]}]},{"@type":"BreadcrumbList","@id":"https:\/\/www.cepralli.com\/en\/produto\/pavement-marker\/#breadcrumb","itemListElement":[{"@type":"ListItem","position":1,"name":"In\u00edcio","item":"https:\/\/www.cepralli.com\/en\/"},{"@type":"ListItem","position":2,"name":"Loja","item":"https:\/\/www.cepralli.com\/en\/loja\/"},{"@type":"ListItem","position":3,"name":"Pavement Marker"}]},{"@type":"WebSite","@id":"https:\/\/www.cepralli.com\/en\/#website","url":"https:\/\/www.cepralli.com\/en\/","name":"Cepralli","description":"Servi\u00e7os de Com\u00e9rcio Exterior","potentialAction":[{"@type":"SearchAction","target":{"@type":"EntryPoint","urlTemplate":"https:\/\/www.cepralli.com\/en\/?s={search_term_string}"},"query-input":"required name=search_term_string"}],"inLanguage":"pt-BR"}]}},"_links":{"self":[{"href":"https:\/\/www.cepralli.com\/en\/wp-json\/wp\/v2\/product\/297"}],"collection":[{"href":"https:\/\/www.cepralli.com\/en\/wp-json\/wp\/v2\/product"}],"about":[{"href":"https:\/\/www.cepralli.com\/en\/wp-json\/wp\/v2\/types\/product"}],"replies":[{"embeddable":true,"href":"https:\/\/www.cepralli.com\/en\/wp-json\/wp\/v2\/comments?post=297"}],"wp:featuredmedia":[{"embeddable":true,"href":"https:\/\/www.cepralli.com\/en\/wp-json\/wp\/v2\/media\/298"}],"wp:attachment":[{"href":"https:\/\/www.cepralli.com\/en\/wp-json\/wp\/v2\/media?parent=297"}],"wp:term":[{"taxonomy":"product_cat","embeddable":true,"href":"https:\/\/www.cepralli.com\/en\/wp-json\/wp\/v2\/product_cat?post=297"},{"taxonomy":"product_tag","embeddable":true,"href":"https:\/\/www.cepralli.com\/en\/wp-json\/wp\/v2\/product_tag?post=297"}],"curies":[{"name":"wp","href":"https:\/\/api.w.org\/{rel}","templated":true}]}}